{"id":4573,"date":"2026-02-25T11:26:20","date_gmt":"2026-02-25T14:26:20","guid":{"rendered":"https:\/\/elishar.com.ar\/?page_id=4573"},"modified":"2026-03-28T13:00:25","modified_gmt":"2026-03-28T16:00:25","slug":"mudanzas-a-italia","status":"publish","type":"page","link":"https:\/\/elishar.com.ar\/en\/mudanzas-internacionales\/mudanzas-a-europa\/mudanzas-a-italia\/","title":{"rendered":"Moves to Italy"},"content":{"rendered":"<div data-elementor-type=\"wp-page\" data-elementor-id=\"4573\" class=\"elementor elementor-4573\" data-elementor-post-type=\"page\">\n\t\t\t\t<div class=\"elementor-element elementor-element-50046aa0 e-flex e-con-boxed e-con e-parent\" data-id=\"50046aa0\" data-element_type=\"container\" data-e-type=\"container\">\n\t\t\t\t\t<div class=\"e-con-inner\">\n\t\t\t\t<div class=\"elementor-element elementor-element-31ced892 elementor-widget elementor-widget-spacer\" data-id=\"31ced892\" data-element_type=\"widget\" data-e-type=\"widget\" data-widget_type=\"spacer.default\">\n\t\t\t\t\t\t\t<div class=\"elementor-spacer\">\n\t\t\t<div class=\"elementor-spacer-inner\"><\/div>\n\t\t<\/div>\n\t\t\t\t\t\t<\/div>\n\t\t\t\t\t<\/div>\n\t\t\t\t<\/div>\n\t\t<div class=\"elementor-element elementor-element-3616aaea e-flex e-con-boxed e-con e-parent\" data-id=\"3616aaea\" data-element_type=\"container\" data-e-type=\"container\">\n\t\t\t\t\t<div class=\"e-con-inner\">\n\t\t<div class=\"elementor-element elementor-element-cdcc587 e-con-full e-flex e-con e-child\" data-id=\"cdcc587\" data-element_type=\"container\" data-e-type=\"container\">\n\t\t\t\t<div class=\"elementor-element elementor-element-30c43434 elementor-widget elementor-widget-heading\" data-id=\"30c43434\" data-element_type=\"widget\" data-e-type=\"widget\" data-widget_type=\"heading.default\">\n\t\t\t\t\t<h1 class=\"elementor-heading-title elementor-size-default\">Mudanzas Internacionales a Italia<\/h1>\t\t\t\t<\/div>\n\t\t\t\t<div class=\"elementor-element elementor-element-12eba9f3 elementor-widget__width-initial elementor-widget elementor-widget-text-editor\" data-id=\"12eba9f3\" data-element_type=\"widget\" data-e-type=\"widget\" data-widget_type=\"text-editor.default\">\n\t\t\t\t\t\t\t\t\t<p><span style=\"color: #ff6600;\">In Elishar International Movers<\/span> tiene m\u00e1s de 25 a\u00f1os realizando mudanzas a Italia, siendo uno de los destinos m\u00e1s elegidos por nuestros clientes.<\/p><p class=\"translation-block\">Thanks to our destination agents, we offer a <span style=\"color: #ff6600\">complete service for managing the transportation<\/span> of your furniture, household appliances, and personal belongings.<\/p><p>Nuestro servicio puerta a puerta a Italia incluye:<\/p><ul><li class=\"translation-block\">Full packing service with <span style=\"color: #ff6600\">our own staff<\/span> and high-quality materials.<\/li><li class=\"translation-block\">End-to-end international transportation to move your shipment <span style=\"color: #ff6600\">from point A to point B<\/span> (ocean freight, trucks, etc.).<\/li><li>Handling of documentation and <span style=\"color: #ff6600;\">customs clearance in both countries<\/span> (Argentina y Italia).<\/li><li class=\"translation-block\">Assignment of a moving coordinator with <span style=\"color: #ff6600\">tracking and guidance throughout the entire process<\/span>.<\/li><li>Delivery and unpacking at<span style=\"color: #ff6600;\"> your new home<\/span> en Italia.<\/li><\/ul>\t\t\t\t\t\t\t\t<\/div>\n\t\t\t\t<\/div>\n\t\t<div class=\"elementor-element elementor-element-1aacf5d e-con-full e-flex e-con e-child\" data-id=\"1aacf5d\" data-element_type=\"container\" data-e-type=\"container\">\n\t\t\t\t<div class=\"elementor-element elementor-element-6d8e302d dce_masking-clippath elementor-widget elementor-widget-image\" data-id=\"6d8e302d\" data-element_type=\"widget\" data-e-type=\"widget\" data-widget_type=\"image.default\">\n\t\t\t\t\t\t\t\t\t\t\t\t\t\t\t<img decoding=\"async\" src=\"https:\/\/elishar.com.ar\/wp-content\/uploads\/elementor\/thumbs\/Roma-e1772029957601-rla6dmeccn72vajjcgjj6yx6bhnzh4upfjtbls90nk.webp\" title=\"Roma\" alt=\"Roma\" loading=\"lazy\" \/>\t\t\t\t\t\t\t\t\t\t\t\t\t\t\t<\/div>\n\t\t\t\t<\/div>\n\t\t<div class=\"elementor-element elementor-element-47e57162 e-con-full e-flex e-con e-child\" data-id=\"47e57162\" data-element_type=\"container\" data-e-type=\"container\">\n\t\t\t\t<div class=\"elementor-element elementor-element-68839db9 dce_masking-clippath elementor-widget elementor-widget-image\" data-id=\"68839db9\" data-element_type=\"widget\" data-e-type=\"widget\" data-widget_type=\"image.default\">\n\t\t\t\t\t\t\t\t\t\t\t\t\t\t\t<img fetchpriority=\"high\" decoding=\"async\" width=\"787\" height=\"1024\" src=\"https:\/\/elishar.com.ar\/wp-content\/uploads\/2026\/02\/Milan-e1772030275919-787x1024.webp\" class=\"attachment-large size-large wp-image-4586\" alt=\"\" srcset=\"https:\/\/elishar.com.ar\/wp-content\/uploads\/2026\/02\/Milan-e1772030275919-787x1024.webp 787w, https:\/\/elishar.com.ar\/wp-content\/uploads\/2026\/02\/Milan-e1772030275919-231x300.webp 231w, https:\/\/elishar.com.ar\/wp-content\/uploads\/2026\/02\/Milan-e1772030275919-768x999.webp 768w, https:\/\/elishar.com.ar\/wp-content\/uploads\/2026\/02\/Milan-e1772030275919-1181x1536.webp 1181w, https:\/\/elishar.com.ar\/wp-content\/uploads\/2026\/02\/Milan-e1772030275919-9x12.webp 9w, https:\/\/elishar.com.ar\/wp-content\/uploads\/2026\/02\/Milan-e1772030275919.webp 1424w\" sizes=\"(max-width: 787px) 100vw, 787px\" \/>\t\t\t\t\t\t\t\t\t\t\t\t\t\t\t<\/div>\n\t\t\t\t<\/div>\n\t\t<div class=\"elementor-element elementor-element-3ba57c5e e-con-full e-flex e-con e-child\" data-id=\"3ba57c5e\" data-element_type=\"container\" data-e-type=\"container\">\n\t\t<div class=\"elementor-element elementor-element-38f19008 e-con-full e-flex e-con e-child\" data-id=\"38f19008\" data-element_type=\"container\" data-e-type=\"container\">\n\t\t\t\t<div class=\"elementor-element elementor-element-5c397a08 elementor-widget elementor-widget-heading\" data-id=\"5c397a08\" data-element_type=\"widget\" data-e-type=\"widget\" data-widget_type=\"heading.default\">\n\t\t\t\t\t<h1 class=\"elementor-heading-title elementor-size-default\">Requisitos mudanza a Italia<\/h1>\t\t\t\t<\/div>\n\t\t\t\t<div class=\"elementor-element elementor-element-1e6a328f elementor-widget__width-initial elementor-widget elementor-widget-text-editor\" data-id=\"1e6a328f\" data-element_type=\"widget\" data-e-type=\"widget\" data-widget_type=\"text-editor.default\">\n\t\t\t\t\t\t\t\t\t<p>Para poder realizar tu mudanza internacional a Italia vas a tener que presentar los siguientes <span style=\"color: #ff6600;\">documentos a la aduana de Italia<\/span>:<\/p><ol><li>Formulario F-01A.<\/li><li>Registro de residencia.<\/li><li>Comprobaci\u00f3n de residencia fuera de Italia.<\/li><li>Copia del Pasaporte<\/li><li>C\u00f3digo Fiscal italiano.<\/li><li>C\u00f3digo EORI<\/li><\/ol>\t\t\t\t\t\t\t\t<\/div>\n\t\t\t\t<\/div>\n\t\t\t\t<div data-dce-title-color=\"#ededeb\" class=\"elementor-element elementor-element-237d2da elementor-cta--layout-image-left elementor-cta--valign-middle elementor-cta--skin-classic elementor-animated-content elementor-widget elementor-widget-call-to-action\" data-id=\"237d2da\" data-element_type=\"widget\" data-e-type=\"widget\" data-widget_type=\"call-to-action.default\">\n\t\t\t\t\t\t\t<div class=\"elementor-cta\">\n\t\t\t\t\t<div class=\"elementor-cta__bg-wrapper\">\n\t\t\t\t<div class=\"elementor-cta__bg elementor-bg\" style=\"background-image: url(https:\/\/elishar.com.ar\/wp-content\/uploads\/2026\/02\/couple-with-notebook-couch-1024x683.webp);\" role=\"img\" aria-label=\"Pareja joven pidiendo presupuesto\"><\/div>\n\t\t\t\t<div class=\"elementor-cta__bg-overlay\"><\/div>\n\t\t\t<\/div>\n\t\t\t\t\t\t\t<div class=\"elementor-cta__content\">\n\t\t\t\t\n\t\t\t\t\t\t\t\t\t<h2 class=\"elementor-cta__title elementor-cta__content-item elementor-content-item\">\n\t\t\t\t\t\tMudate a Italia!\t\t\t\t\t<\/h2>\n\t\t\t\t\n\t\t\t\t\n\t\t\t\t\t\t\t\t\t<div class=\"elementor-cta__button-wrapper elementor-cta__content-item elementor-content-item\">\n\t\t\t\t\t<a class=\"elementor-cta__button elementor-button elementor-size-\" href=\"https:\/\/elishar.com.ar\/en\/presupuesto-mudanza-internacional-particular\/\">\n\t\t\t\t\t\tRequest your FREE online quote\t\t\t\t\t<\/a>\n\t\t\t\t\t<\/div>\n\t\t\t\t\t\t\t<\/div>\n\t\t\t\t\t\t<\/div>\n\t\t\t\t\t\t<\/div>\n\t\t\t\t<\/div>\n\t\t\t\t\t<\/div>\n\t\t\t\t<\/div>\n\t\t<div class=\"elementor-element elementor-element-1418863d e-flex e-con-boxed e-con e-parent\" data-id=\"1418863d\" data-element_type=\"container\" data-e-type=\"container\">\n\t\t\t\t\t<div class=\"e-con-inner\">\n\t\t<div class=\"elementor-element elementor-element-2116acb1 e-con-full e-flex e-con e-child\" data-id=\"2116acb1\" data-element_type=\"container\" data-e-type=\"container\">\n\t\t<div class=\"elementor-element elementor-element-6c500355 e-con-full e-flex e-con e-child\" data-id=\"6c500355\" data-element_type=\"container\" data-e-type=\"container\">\n\t\t\t\t<div class=\"elementor-element elementor-element-599a793e elementor-widget elementor-widget-spacer\" data-id=\"599a793e\" data-element_type=\"widget\" data-e-type=\"widget\" data-widget_type=\"spacer.default\">\n\t\t\t\t\t\t\t<div class=\"elementor-spacer\">\n\t\t\t<div class=\"elementor-spacer-inner\"><\/div>\n\t\t<\/div>\n\t\t\t\t\t\t<\/div>\n\t\t\t\t<div class=\"elementor-element elementor-element-6269381e elementor-widget elementor-widget-heading\" data-id=\"6269381e\" data-element_type=\"widget\" data-e-type=\"widget\" data-widget_type=\"heading.default\">\n\t\t\t\t\t<h1 class=\"elementor-heading-title elementor-size-default\">Transporte de veh\u00edculos a Italia<\/h1>\t\t\t\t<\/div>\n\t\t\t\t<div class=\"elementor-element elementor-element-793dae27 elementor-widget__width-initial elementor-widget elementor-widget-text-editor\" data-id=\"793dae27\" data-element_type=\"widget\" data-e-type=\"widget\" data-widget_type=\"text-editor.default\">\n\t\t\t\t\t\t\t\t\t<p>Nosotros nos encargamos de acondicionar y transportar tu auto o moto a Italia <span style=\"color: #ff6600;\">from anywhere in Argentina<\/span>.<\/p><p>Our full-service solution includes:<\/p><ol><li>Tow truck transport<\/li><li>Loading and bracing of the vehicle inside the container for a safe and protected shipment.<\/li><li>Full handling of customs procedures in both countries<\/li><\/ol><p class=\"translation-block\">Keep in mind that the vehicle documents are required for customs clearance, so they should <span style=\"color: #ff6600\">never<\/span> be left inside the vehicle.<\/p>\t\t\t\t\t\t\t\t<\/div>\n\t\t\t\t<\/div>\n\t\t\t\t<\/div>\n\t\t<div class=\"elementor-element elementor-element-6c9010f4 e-con-full e-flex e-con e-child\" data-id=\"6c9010f4\" data-element_type=\"container\" data-e-type=\"container\">\n\t\t\t\t<div class=\"elementor-element elementor-element-6bb195be dce_masking-clippath elementor-widget elementor-widget-image\" data-id=\"6bb195be\" data-element_type=\"widget\" data-e-type=\"widget\" data-widget_type=\"image.default\">\n\t\t\t\t\t\t\t\t\t\t\t\t\t\t\t<img decoding=\"async\" width=\"787\" height=\"1024\" src=\"https:\/\/elishar.com.ar\/wp-content\/uploads\/2026\/02\/elegant-uber-driver-giving-taxi-ride-scaled-e1771962848237-787x1024.webp\" class=\"attachment-large size-large wp-image-4330\" alt=\"\" srcset=\"https:\/\/elishar.com.ar\/wp-content\/uploads\/2026\/02\/elegant-uber-driver-giving-taxi-ride-scaled-e1771962848237-787x1024.webp 787w, https:\/\/elishar.com.ar\/wp-content\/uploads\/2026\/02\/elegant-uber-driver-giving-taxi-ride-scaled-e1771962848237-231x300.webp 231w, https:\/\/elishar.com.ar\/wp-content\/uploads\/2026\/02\/elegant-uber-driver-giving-taxi-ride-scaled-e1771962848237-768x999.webp 768w, https:\/\/elishar.com.ar\/wp-content\/uploads\/2026\/02\/elegant-uber-driver-giving-taxi-ride-scaled-e1771962848237-1181x1536.webp 1181w, https:\/\/elishar.com.ar\/wp-content\/uploads\/2026\/02\/elegant-uber-driver-giving-taxi-ride-scaled-e1771962848237-1575x2048.webp 1575w, https:\/\/elishar.com.ar\/wp-content\/uploads\/2026\/02\/elegant-uber-driver-giving-taxi-ride-scaled-e1771962848237-9x12.webp 9w, https:\/\/elishar.com.ar\/wp-content\/uploads\/2026\/02\/elegant-uber-driver-giving-taxi-ride-scaled-e1771962848237.webp 1707w\" sizes=\"(max-width: 787px) 100vw, 787px\" \/>\t\t\t\t\t\t\t\t\t\t\t\t\t\t\t<\/div>\n\t\t\t\t<\/div>\n\t\t<div class=\"elementor-element elementor-element-b63589 e-con-full e-flex e-con e-child\" data-id=\"b63589\" data-element_type=\"container\" data-e-type=\"container\">\n\t\t\t\t<div class=\"elementor-element elementor-element-4574a5e1 dce_masking-clippath elementor-widget elementor-widget-image\" data-id=\"4574a5e1\" data-element_type=\"widget\" data-e-type=\"widget\" data-widget_type=\"image.default\">\n\t\t\t\t\t\t\t\t\t\t\t\t\t\t\t<img decoding=\"async\" width=\"820\" height=\"1024\" src=\"https:\/\/elishar.com.ar\/wp-content\/uploads\/2026\/02\/Costa-Amalfitana-e1772030436777-820x1024.webp\" class=\"attachment-large size-large wp-image-4587\" alt=\"\" srcset=\"https:\/\/elishar.com.ar\/wp-content\/uploads\/2026\/02\/Costa-Amalfitana-e1772030436777-820x1024.webp 820w, https:\/\/elishar.com.ar\/wp-content\/uploads\/2026\/02\/Costa-Amalfitana-e1772030436777-240x300.webp 240w, https:\/\/elishar.com.ar\/wp-content\/uploads\/2026\/02\/Costa-Amalfitana-e1772030436777-768x959.webp 768w, https:\/\/elishar.com.ar\/wp-content\/uploads\/2026\/02\/Costa-Amalfitana-e1772030436777-10x12.webp 10w, https:\/\/elishar.com.ar\/wp-content\/uploads\/2026\/02\/Costa-Amalfitana-e1772030436777.webp 1065w\" sizes=\"(max-width: 820px) 100vw, 820px\" \/>\t\t\t\t\t\t\t\t\t\t\t\t\t\t\t<\/div>\n\t\t\t\t<\/div>\n\t\t<div class=\"elementor-element elementor-element-5fb24176 e-con-full e-flex e-con e-child\" data-id=\"5fb24176\" data-element_type=\"container\" data-e-type=\"container\">\n\t\t<div class=\"elementor-element elementor-element-5e575692 e-con-full e-flex e-con e-child\" data-id=\"5e575692\" data-element_type=\"container\" data-e-type=\"container\">\n\t\t\t\t<div class=\"elementor-element elementor-element-716b1434 elementor-widget elementor-widget-heading\" data-id=\"716b1434\" data-element_type=\"widget\" data-e-type=\"widget\" data-widget_type=\"heading.default\">\n\t\t\t\t\t<h1 class=\"elementor-heading-title elementor-size-default\">Traslado diplom\u00e1tico a Italia<\/h1>\t\t\t\t<\/div>\n\t\t\t\t<div class=\"elementor-element elementor-element-7aa1d8c2 elementor-widget__width-initial elementor-widget elementor-widget-text-editor\" data-id=\"7aa1d8c2\" data-element_type=\"widget\" data-e-type=\"widget\" data-widget_type=\"text-editor.default\">\n\t\t\t\t\t\t\t\t\t<p>De ser un diplom\u00e1tico argentino que est\u00e1 siendo trasladado a Italia para <span style=\"color: #ff6600;\">begin your diplomatic mission<\/span>, debe presentar la siguiente documentaci\u00f3n adicional:<\/p><ol><li>Telespresso emitido por el Ministero degli Affari Esteri.<\/li><li>Copy of the passport.<\/li><li>C\u00f3digo Fiscal italiano.<\/li><\/ol>\t\t\t\t\t\t\t\t<\/div>\n\t\t\t\t<\/div>\n\t\t\t\t<div data-dce-title-color=\"#ededeb\" class=\"elementor-element elementor-element-481db3b9 elementor-cta--layout-image-left elementor-cta--valign-middle elementor-cta--skin-classic elementor-animated-content elementor-widget elementor-widget-call-to-action\" data-id=\"481db3b9\" data-element_type=\"widget\" data-e-type=\"widget\" data-widget_type=\"call-to-action.default\">\n\t\t\t\t\t\t\t<div class=\"elementor-cta\">\n\t\t\t\t\t<div class=\"elementor-cta__bg-wrapper\">\n\t\t\t\t<div class=\"elementor-cta__bg elementor-bg\" style=\"background-image: url(https:\/\/elishar.com.ar\/wp-content\/uploads\/2026\/02\/couple-with-notebook-couch-1024x683.webp);\" role=\"img\" aria-label=\"Pareja joven pidiendo presupuesto\"><\/div>\n\t\t\t\t<div class=\"elementor-cta__bg-overlay\"><\/div>\n\t\t\t<\/div>\n\t\t\t\t\t\t\t<div class=\"elementor-cta__content\">\n\t\t\t\t\n\t\t\t\t\t\t\t\t\t<h2 class=\"elementor-cta__title elementor-cta__content-item elementor-content-item\">\n\t\t\t\t\t\tMudate a Italia!\t\t\t\t\t<\/h2>\n\t\t\t\t\n\t\t\t\t\n\t\t\t\t\t\t\t\t\t<div class=\"elementor-cta__button-wrapper elementor-cta__content-item elementor-content-item\">\n\t\t\t\t\t<a class=\"elementor-cta__button elementor-button elementor-size-\" href=\"https:\/\/elishar.com.ar\/en\/presupuesto-mudanza-internacional-particular\/\">\n\t\t\t\t\t\tRequest your FREE online quote\t\t\t\t\t<\/a>\n\t\t\t\t\t<\/div>\n\t\t\t\t\t\t\t<\/div>\n\t\t\t\t\t\t<\/div>\n\t\t\t\t\t\t<\/div>\n\t\t\t\t<\/div>\n\t\t\t\t\t<\/div>\n\t\t\t\t<\/div>\n\t\t<div class=\"elementor-element elementor-element-447a8f8c e-flex e-con-boxed e-con e-parent\" data-id=\"447a8f8c\" data-element_type=\"container\" data-e-type=\"container\">\n\t\t\t\t\t<div class=\"e-con-inner\">\n\t\t<div class=\"elementor-element elementor-element-40e0a9b e-con-full e-flex e-con e-child\" data-id=\"40e0a9b\" data-element_type=\"container\" data-e-type=\"container\">\n\t\t<div class=\"elementor-element elementor-element-120d51c4 e-con-full e-flex e-con e-child\" data-id=\"120d51c4\" data-element_type=\"container\" data-e-type=\"container\">\n\t\t\t\t<div class=\"elementor-element elementor-element-3dbe65b4 elementor-widget elementor-widget-spacer\" data-id=\"3dbe65b4\" data-element_type=\"widget\" data-e-type=\"widget\" data-widget_type=\"spacer.default\">\n\t\t\t\t\t\t\t<div class=\"elementor-spacer\">\n\t\t\t<div class=\"elementor-spacer-inner\"><\/div>\n\t\t<\/div>\n\t\t\t\t\t\t<\/div>\n\t\t\t\t<div class=\"elementor-element elementor-element-3fa54aa3 elementor-widget elementor-widget-heading\" data-id=\"3fa54aa3\" data-element_type=\"widget\" data-e-type=\"widget\" data-widget_type=\"heading.default\">\n\t\t\t\t\t<h1 class=\"elementor-heading-title elementor-size-default\">Seguro para mudanza internacional a Italia<\/h1>\t\t\t\t<\/div>\n\t\t\t\t<div class=\"elementor-element elementor-element-35448517 elementor-widget__width-initial elementor-widget elementor-widget-text-editor\" data-id=\"35448517\" data-element_type=\"widget\" data-e-type=\"widget\" data-widget_type=\"text-editor.default\">\n\t\t\t\t\t\t\t\t\t<p class=\"translation-block\">Our <span style=\"color: #ff6600\">high-quality full packing services<\/span> are the first line of defense against movement during sea freight.<\/p><p class=\"translation-block\">In the <span style=\"color: #ff6600\">unlikely<\/span> event of damage, the second layer of protection is the insurance we offer as part of our moving service.<\/p><p>Based on the estimated value of your belongings, we offer customized insurance to cover any damage that may occur during sea transit, in the unlikely event that it occurs.<\/p>\t\t\t\t\t\t\t\t<\/div>\n\t\t\t\t<\/div>\n\t\t\t\t<\/div>\n\t\t<div class=\"elementor-element elementor-element-7a2a2611 e-con-full e-flex e-con e-child\" data-id=\"7a2a2611\" data-element_type=\"container\" data-e-type=\"container\">\n\t\t\t\t<div class=\"elementor-element elementor-element-621e1c8b dce_masking-clippath elementor-widget elementor-widget-image\" data-id=\"621e1c8b\" data-element_type=\"widget\" data-e-type=\"widget\" data-widget_type=\"image.default\">\n\t\t\t\t\t\t\t\t\t\t\t\t\t\t\t<img loading=\"lazy\" decoding=\"async\" width=\"788\" height=\"1024\" src=\"https:\/\/elishar.com.ar\/wp-content\/uploads\/2026\/02\/Florencia-e1772030905998-788x1024.webp\" class=\"attachment-large size-large wp-image-4588\" alt=\"\" srcset=\"https:\/\/elishar.com.ar\/wp-content\/uploads\/2026\/02\/Florencia-e1772030905998-788x1024.webp 788w, https:\/\/elishar.com.ar\/wp-content\/uploads\/2026\/02\/Florencia-e1772030905998-231x300.webp 231w, https:\/\/elishar.com.ar\/wp-content\/uploads\/2026\/02\/Florencia-e1772030905998-768x998.webp 768w, https:\/\/elishar.com.ar\/wp-content\/uploads\/2026\/02\/Florencia-e1772030905998-9x12.webp 9w, https:\/\/elishar.com.ar\/wp-content\/uploads\/2026\/02\/Florencia-e1772030905998.webp 890w\" sizes=\"(max-width: 788px) 100vw, 788px\" \/>\t\t\t\t\t\t\t\t\t\t\t\t\t\t\t<\/div>\n\t\t\t\t<\/div>\n\t\t<div class=\"elementor-element elementor-element-5d9d06d9 e-con-full e-flex e-con e-child\" data-id=\"5d9d06d9\" data-element_type=\"container\" data-e-type=\"container\">\n\t\t\t\t<div class=\"elementor-element elementor-element-7c231f03 dce_masking-clippath elementor-widget elementor-widget-image\" data-id=\"7c231f03\" data-element_type=\"widget\" data-e-type=\"widget\" data-widget_type=\"image.default\">\n\t\t\t\t\t\t\t\t\t\t\t\t\t\t\t<img loading=\"lazy\" decoding=\"async\" width=\"788\" height=\"1024\" src=\"https:\/\/elishar.com.ar\/wp-content\/uploads\/2026\/02\/container-operation-port-series-e1771963368477-788x1024.webp\" class=\"attachment-large size-large wp-image-4344\" alt=\"\" srcset=\"https:\/\/elishar.com.ar\/wp-content\/uploads\/2026\/02\/container-operation-port-series-e1771963368477-788x1024.webp 788w, https:\/\/elishar.com.ar\/wp-content\/uploads\/2026\/02\/container-operation-port-series-e1771963368477-231x300.webp 231w, https:\/\/elishar.com.ar\/wp-content\/uploads\/2026\/02\/container-operation-port-series-e1771963368477-768x998.webp 768w, https:\/\/elishar.com.ar\/wp-content\/uploads\/2026\/02\/container-operation-port-series-e1771963368477-1182x1536.webp 1182w, https:\/\/elishar.com.ar\/wp-content\/uploads\/2026\/02\/container-operation-port-series-e1771963368477-9x12.webp 9w, https:\/\/elishar.com.ar\/wp-content\/uploads\/2026\/02\/elementor\/thumbs\/container-operation-port-series-e1771963368477-rjn3fglfhuf2aez2b33jzoltuc8szzmccftzmplaxc.webp 770w, https:\/\/elishar.com.ar\/wp-content\/uploads\/2026\/02\/container-operation-port-series-e1771963368477.webp 1400w\" sizes=\"(max-width: 788px) 100vw, 788px\" \/>\t\t\t\t\t\t\t\t\t\t\t\t\t\t\t<\/div>\n\t\t\t\t<\/div>\n\t\t<div class=\"elementor-element elementor-element-5968b89d e-con-full e-flex e-con e-child\" data-id=\"5968b89d\" data-element_type=\"container\" data-e-type=\"container\">\n\t\t<div class=\"elementor-element elementor-element-130b05d e-con-full e-flex e-con e-child\" data-id=\"130b05d\" data-element_type=\"container\" data-e-type=\"container\">\n\t\t<div class=\"elementor-element elementor-element-521bef76 e-con-full e-flex e-con e-child\" data-id=\"521bef76\" data-element_type=\"container\" data-e-type=\"container\">\n\t\t\t\t<div class=\"elementor-element elementor-element-47667b2 elementor-widget elementor-widget-heading\" data-id=\"47667b2\" data-element_type=\"widget\" data-e-type=\"widget\" data-widget_type=\"heading.default\">\n\t\t\t\t\t<h1 class=\"elementor-heading-title elementor-size-default\">Mudanzas baratas en contenedores compartidos a Italia\u200b\n<\/h1>\t\t\t\t<\/div>\n\t\t\t\t<div class=\"elementor-element elementor-element-1eb4fc2 elementor-widget__width-initial elementor-widget elementor-widget-text-editor\" data-id=\"1eb4fc2\" data-element_type=\"widget\" data-e-type=\"widget\" data-widget_type=\"text-editor.default\">\n\t\t\t\t\t\t\t\t\t<p class=\"translation-block\">Are you worried that your move may be expensive compared to the amount of belongings you have? <span style=\"color: #ff6600\">Elishar has the solution<\/span>.<\/p><p class=\"translation-block\">We offer <span style=\"color: #ff6600\">more affordable shared services<\/span> for smaller shipments that do not justify the use of a full container.<\/p><p>With this solution, <span style=\"color: #ff6600;\">you save<\/span> en los costos del flete mar\u00edtimo, comparti\u00e9ndolos con otras cargas que tambi\u00e9n van a Italia.<\/p>\t\t\t\t\t\t\t\t<\/div>\n\t\t\t\t<div data-dce-title-color=\"#ededeb\" class=\"elementor-element elementor-element-730ec38 elementor-cta--layout-image-left elementor-cta--valign-middle elementor-cta--skin-classic elementor-animated-content elementor-widget elementor-widget-call-to-action\" data-id=\"730ec38\" data-element_type=\"widget\" data-e-type=\"widget\" data-widget_type=\"call-to-action.default\">\n\t\t\t\t\t\t\t<div class=\"elementor-cta\">\n\t\t\t\t\t<div class=\"elementor-cta__bg-wrapper\">\n\t\t\t\t<div class=\"elementor-cta__bg elementor-bg\" style=\"background-image: url(https:\/\/elishar.com.ar\/wp-content\/uploads\/2026\/02\/couple-with-notebook-couch-1024x683.webp);\" role=\"img\" aria-label=\"Pareja joven pidiendo presupuesto\"><\/div>\n\t\t\t\t<div class=\"elementor-cta__bg-overlay\"><\/div>\n\t\t\t<\/div>\n\t\t\t\t\t\t\t<div class=\"elementor-cta__content\">\n\t\t\t\t\n\t\t\t\t\t\t\t\t\t<h2 class=\"elementor-cta__title elementor-cta__content-item elementor-content-item\">\n\t\t\t\t\t\tMudate a Italia!\t\t\t\t\t<\/h2>\n\t\t\t\t\n\t\t\t\t\n\t\t\t\t\t\t\t\t\t<div class=\"elementor-cta__button-wrapper elementor-cta__content-item elementor-content-item\">\n\t\t\t\t\t<a class=\"elementor-cta__button elementor-button elementor-size-\" href=\"https:\/\/elishar.com.ar\/en\/presupuesto-mudanza-internacional-particular\/\">\n\t\t\t\t\t\tRequest your FREE online quote\t\t\t\t\t<\/a>\n\t\t\t\t\t<\/div>\n\t\t\t\t\t\t\t<\/div>\n\t\t\t\t\t\t<\/div>\n\t\t\t\t\t\t<\/div>\n\t\t\t\t<\/div>\n\t\t\t\t<\/div>\n\t\t\t\t<\/div>\n\t\t\t\t\t<\/div>\n\t\t\t\t<\/div>\n\t\t\t\t<\/div>","protected":false},"excerpt":{"rendered":"<p>Mudanzas Internacionales a Italia Elishar International Movers tiene m\u00e1s de 25 a\u00f1os realizando mudanzas a Italia, siendo uno de los destinos m\u00e1s elegidos por nuestros clientes. Gracias a nuestros agentes en destino, ofrecemos un servicio completo de gesti\u00f3n del traslado de tus muebles, electrodom\u00e9sticos y efectos personales. Nuestro servicio puerta a puerta a Italia incluye:&#8230;<\/p>","protected":false},"author":2,"featured_media":0,"parent":109,"menu_order":0,"comment_status":"closed","ping_status":"closed","template":"","meta":{"_kad_post_transparent":"","_kad_post_title":"hide","_kad_post_layout":"fullwidth","_kad_post_sidebar_id":"","_kad_post_content_style":"unboxed","_kad_post_vertical_padding":"hide","_kad_post_feature":"hide","_kad_post_feature_position":"","_kad_post_header":false,"_kad_post_footer":false,"_kad_post_classname":"","footnotes":""},"class_list":["post-4573","page","type-page","status-publish","hentry"],"_links":{"self":[{"href":"https:\/\/elishar.com.ar\/en\/wp-json\/wp\/v2\/pages\/4573","targetHints":{"allow":["GET"]}}],"collection":[{"href":"https:\/\/elishar.com.ar\/en\/wp-json\/wp\/v2\/pages"}],"about":[{"href":"https:\/\/elishar.com.ar\/en\/wp-json\/wp\/v2\/types\/page"}],"author":[{"embeddable":true,"href":"https:\/\/elishar.com.ar\/en\/wp-json\/wp\/v2\/users\/2"}],"replies":[{"embeddable":true,"href":"https:\/\/elishar.com.ar\/en\/wp-json\/wp\/v2\/comments?post=4573"}],"version-history":[{"count":1,"href":"https:\/\/elishar.com.ar\/en\/wp-json\/wp\/v2\/pages\/4573\/revisions"}],"predecessor-version":[{"id":7110,"href":"https:\/\/elishar.com.ar\/en\/wp-json\/wp\/v2\/pages\/4573\/revisions\/7110"}],"up":[{"embeddable":true,"href":"https:\/\/elishar.com.ar\/en\/wp-json\/wp\/v2\/pages\/109"}],"wp:attachment":[{"href":"https:\/\/elishar.com.ar\/en\/wp-json\/wp\/v2\/media?parent=4573"}],"curies":[{"name":"wp","href":"https:\/\/api.w.org\/{rel}","templated":true}]}}